{"id":260,"date":"2021-02-02T13:04:42","date_gmt":"2021-02-02T13:04:42","guid":{"rendered":"http:\/\/scoalatupilati.ro\/?page_id=260"},"modified":"2023-02-13T12:05:20","modified_gmt":"2023-02-13T10:05:20","slug":"evenimente-si-concursuri","status":"publish","type":"page","link":"http:\/\/scoalafaurei.ro\/index.php\/evenimente-si-concursuri\/","title":{"rendered":"Evenimente \u0219i concursuri"},"content":{"rendered":"\n<figure class=\"wp-block-image size-large\"><img loading=\"lazy\" decoding=\"async\" width=\"1024\" height=\"768\" src=\"http:\/\/scoalafaurei.ro\/wp-content\/uploads\/2023\/02\/IMG_20230211_190647_948-1-1024x768.jpg\" alt=\"\" class=\"wp-image-764\" srcset=\"http:\/\/scoalafaurei.ro\/wp-content\/uploads\/2023\/02\/IMG_20230211_190647_948-1-1024x768.jpg 1024w, http:\/\/scoalafaurei.ro\/wp-content\/uploads\/2023\/02\/IMG_20230211_190647_948-1-300x225.jpg 300w, http:\/\/scoalafaurei.ro\/wp-content\/uploads\/2023\/02\/IMG_20230211_190647_948-1-768x576.jpg 768w, http:\/\/scoalafaurei.ro\/wp-content\/uploads\/2023\/02\/IMG_20230211_190647_948-1-1536x1152.jpg 1536w, http:\/\/scoalafaurei.ro\/wp-content\/uploads\/2023\/02\/IMG_20230211_190647_948-1-2048x1536.jpg 2048w\" sizes=\"auto, (max-width: 1024px) 100vw, 1024px\" \/><figcaption class=\"wp-element-caption\">Echipa de fotbal b\u0103ie\u021bi <\/figcaption><\/figure>\n\n\n\n<p class=\"has-text-align-center\">Locul II \u0219i calificare la etapa jude\u021bean\u0103 la O.N.S.S. Cupa Tymbark U12<\/p>\n\n\n\n<p><\/p>\n\n\n\n<p><\/p>\n\n\n\n<p><\/p>\n\n\n\n<p><\/p>\n\n\n\n<p class=\"has-text-align-center\">Activitatea de 1 Decembrie<\/p>\n\n\n\n<p>                  Cu prilejul s\u0103rb\u0103toririi Zilei Na\u021bionale a Rom\u00e2niei, profesorii \u0219i elevii \u0218colii Gimnaziale Nr. 1, Comuna F\u0103urei au organizat un moment artistic prin care aceast\u0103 zi s\u0103 fie marcat\u0103 a\u0219a cum se cuvine. La peste 100 de ani de la Marea Unire, str\u0103-str\u0103nepo\u021bii celor care au luptat pentru acest sf\u00e2nt ideal au s\u0103rb\u0103torit cum au \u0219tiut ei mai bine. Astfel, elevii s-au unit \u0219i au g\u0103sit de cuviin\u021b\u0103 s\u0103 recite cele mai frumoase poezii despre Rom\u00e2nia \u0219i despre 1 Decembrie. Astfel, dup\u0103 recitarea <em>Imnului Na\u021bional<\/em>, am ascultat versurile lui Eminescu, c\u0103ci marele nostru poet \u0219i-a dorit ca rom\u00e2nii s\u0103 fie uni\u021bi \u00eentr-o \u021bar\u0103 a lor. <em>Ce-\u021bi doresc eu \u021bie, dulce Rom\u00e2nie! <\/em>a r\u0103sunat, a\u0219adar, pe holurile \u0219colii noastre. <em>Noi vrem s\u0103 ne unim cu \u021bara <\/em>ori <em>\u021aara mea<\/em> de Elena Farago au fost unele dintre textele recitate, la fel ca <em>Tricolorul<\/em> sau <em>Poezie de la anul 1918<\/em>. De altfel, au f\u0103cut o scurt\u0103 prezentare a evenimentelor desf\u0103\u0219urate \u00een 1918, c\u0103ci acel an a fost plin de acte m\u0103re\u021be care nu trebuie uitate. Totul s-a \u00eencheiat prin c\u00e2ntece patriotice care au st\u00e2rnit emo\u021bie. Elevii no\u0219tri s-au g\u0103tit de s\u0103rb\u0103toare \u0219i ne-au ar\u0103tat c\u0103 tradi\u021biile \u0219i iubirea de neam nu vor pieri, c\u0103ci sunt bine \u00eenr\u0103d\u0103cinate \u00een sufletele lor.<\/p>\n\n\n\n<figure class=\"wp-block-image size-large\"><img loading=\"lazy\" decoding=\"async\" width=\"1024\" height=\"768\" src=\"http:\/\/scoalafaurei.ro\/wp-content\/uploads\/2022\/11\/WhatsApp-Image-2022-11-29-at-12.42.14-PM-1024x768.jpeg\" alt=\"\" class=\"wp-image-728\" srcset=\"http:\/\/scoalafaurei.ro\/wp-content\/uploads\/2022\/11\/WhatsApp-Image-2022-11-29-at-12.42.14-PM-1024x768.jpeg 1024w, http:\/\/scoalafaurei.ro\/wp-content\/uploads\/2022\/11\/WhatsApp-Image-2022-11-29-at-12.42.14-PM-300x225.jpeg 300w, http:\/\/scoalafaurei.ro\/wp-content\/uploads\/2022\/11\/WhatsApp-Image-2022-11-29-at-12.42.14-PM-768x576.jpeg 768w, http:\/\/scoalafaurei.ro\/wp-content\/uploads\/2022\/11\/WhatsApp-Image-2022-11-29-at-12.42.14-PM-1536x1152.jpeg 1536w, http:\/\/scoalafaurei.ro\/wp-content\/uploads\/2022\/11\/WhatsApp-Image-2022-11-29-at-12.42.14-PM.jpeg 2000w\" sizes=\"auto, (max-width: 1024px) 100vw, 1024px\" \/><\/figure>\n\n\n\n<figure class=\"wp-block-image size-large\"><img loading=\"lazy\" decoding=\"async\" width=\"1024\" height=\"768\" src=\"http:\/\/scoalafaurei.ro\/wp-content\/uploads\/2022\/11\/WhatsApp-Image-2022-11-29-at-12.42.12-PM-1024x768.jpeg\" alt=\"\" class=\"wp-image-724\" srcset=\"http:\/\/scoalafaurei.ro\/wp-content\/uploads\/2022\/11\/WhatsApp-Image-2022-11-29-at-12.42.12-PM-1024x768.jpeg 1024w, http:\/\/scoalafaurei.ro\/wp-content\/uploads\/2022\/11\/WhatsApp-Image-2022-11-29-at-12.42.12-PM-300x225.jpeg 300w, http:\/\/scoalafaurei.ro\/wp-content\/uploads\/2022\/11\/WhatsApp-Image-2022-11-29-at-12.42.12-PM-768x576.jpeg 768w, http:\/\/scoalafaurei.ro\/wp-content\/uploads\/2022\/11\/WhatsApp-Image-2022-11-29-at-12.42.12-PM-1536x1152.jpeg 1536w, http:\/\/scoalafaurei.ro\/wp-content\/uploads\/2022\/11\/WhatsApp-Image-2022-11-29-at-12.42.12-PM.jpeg 2000w\" sizes=\"auto, (max-width: 1024px) 100vw, 1024px\" \/><\/figure>\n\n\n\n<figure class=\"wp-block-image size-large is-resized\"><img loading=\"lazy\" decoding=\"async\" src=\"http:\/\/scoalafaurei.ro\/wp-content\/uploads\/2022\/11\/WhatsApp-Image-2022-11-29-at-12.42.08-PM-1-1024x768.jpeg\" alt=\"\" class=\"wp-image-726\" width=\"840\" height=\"630\" srcset=\"http:\/\/scoalafaurei.ro\/wp-content\/uploads\/2022\/11\/WhatsApp-Image-2022-11-29-at-12.42.08-PM-1-1024x768.jpeg 1024w, http:\/\/scoalafaurei.ro\/wp-content\/uploads\/2022\/11\/WhatsApp-Image-2022-11-29-at-12.42.08-PM-1-300x225.jpeg 300w, http:\/\/scoalafaurei.ro\/wp-content\/uploads\/2022\/11\/WhatsApp-Image-2022-11-29-at-12.42.08-PM-1-768x576.jpeg 768w, http:\/\/scoalafaurei.ro\/wp-content\/uploads\/2022\/11\/WhatsApp-Image-2022-11-29-at-12.42.08-PM-1-1536x1152.jpeg 1536w, http:\/\/scoalafaurei.ro\/wp-content\/uploads\/2022\/11\/WhatsApp-Image-2022-11-29-at-12.42.08-PM-1.jpeg 2000w\" sizes=\"auto, (max-width: 840px) 100vw, 840px\" \/><\/figure>\n\n\n\n<figure class=\"wp-block-image size-large\"><img loading=\"lazy\" decoding=\"async\" width=\"768\" height=\"1024\" src=\"http:\/\/scoalafaurei.ro\/wp-content\/uploads\/2022\/11\/WhatsApp-Image-2022-11-29-at-11.21.17-AM-768x1024.jpeg\" alt=\"\" class=\"wp-image-732\" srcset=\"http:\/\/scoalafaurei.ro\/wp-content\/uploads\/2022\/11\/WhatsApp-Image-2022-11-29-at-11.21.17-AM-768x1024.jpeg 768w, http:\/\/scoalafaurei.ro\/wp-content\/uploads\/2022\/11\/WhatsApp-Image-2022-11-29-at-11.21.17-AM-225x300.jpeg 225w, http:\/\/scoalafaurei.ro\/wp-content\/uploads\/2022\/11\/WhatsApp-Image-2022-11-29-at-11.21.17-AM-1152x1536.jpeg 1152w, http:\/\/scoalafaurei.ro\/wp-content\/uploads\/2022\/11\/WhatsApp-Image-2022-11-29-at-11.21.17-AM.jpeg 1500w\" sizes=\"auto, (max-width: 768px) 100vw, 768px\" \/><\/figure>\n","protected":false},"excerpt":{"rendered":"<p>Locul II \u0219i calificare la etapa jude\u021bean\u0103 la O.N.S.S. Cupa Tymbark U12 Activitatea de 1 Decembrie Cu prilejul s\u0103rb\u0103toririi Zilei Na\u021bionale a Rom\u00e2niei, profesorii \u0219i elevii \u0218colii Gimnaziale Nr. 1, Comuna F\u0103urei au organizat un moment artistic prin care aceast\u0103 zi s\u0103 fie marcat\u0103 a\u0219a cum se cuvine. La peste 100 de ani de la Marea Unire, str\u0103-str\u0103nepo\u021bii celor care [&hellip;]<\/p>\n","protected":false},"author":3,"featured_media":0,"parent":0,"menu_order":14,"comment_status":"closed","ping_status":"closed","template":"","meta":{"footnotes":""},"class_list":["post-260","page","type-page","status-publish","hentry"],"yoast_head":"<!-- This site is optimized with the Yoast SEO plugin v17.4 - https:\/\/yoast.com\/wordpress\/plugins\/seo\/ -->\n<title>Evenimente \u0219i concursuri - Scoala Gimnaziala Comuna Faurei<\/title>\n<meta name=\"robots\" content=\"index, follow, max-snippet:-1, max-image-preview:large, max-video-preview:-1\" \/>\n<link rel=\"canonical\" href=\"http:\/\/scoalafaurei.ro\/index.php\/evenimente-si-concursuri\/\" \/>\n<meta property=\"og:locale\" content=\"ro_RO\" \/>\n<meta property=\"og:type\" content=\"article\" \/>\n<meta property=\"og:title\" content=\"Evenimente \u0219i concursuri - Scoala Gimnaziala Comuna Faurei\" \/>\n<meta property=\"og:description\" content=\"Locul II \u0219i calificare la etapa jude\u021bean\u0103 la O.N.S.S. Cupa Tymbark U12 Activitatea de 1 Decembrie Cu prilejul s\u0103rb\u0103toririi Zilei Na\u021bionale a Rom\u00e2niei, profesorii \u0219i elevii \u0218colii Gimnaziale Nr. 1, Comuna F\u0103urei au organizat un moment artistic prin care aceast\u0103 zi s\u0103 fie marcat\u0103 a\u0219a cum se cuvine. La peste 100 de ani de la Marea Unire, str\u0103-str\u0103nepo\u021bii celor care [&hellip;]\" \/>\n<meta property=\"og:url\" content=\"http:\/\/scoalafaurei.ro\/index.php\/evenimente-si-concursuri\/\" \/>\n<meta property=\"og:site_name\" content=\"Scoala Gimnaziala Comuna Faurei\" \/>\n<meta property=\"article:modified_time\" content=\"2023-02-13T10:05:20+00:00\" \/>\n<meta property=\"og:image\" content=\"http:\/\/scoalafaurei.ro\/wp-content\/uploads\/2023\/02\/IMG_20230211_190647_948-1-1024x768.jpg\" \/>\n<meta name=\"twitter:card\" content=\"summary_large_image\" \/>\n<meta name=\"twitter:label1\" content=\"Timp estimat pentru citire\" \/>\n\t<meta name=\"twitter:data1\" content=\"2 minute\" \/>\n<script type=\"application\/ld+json\" class=\"yoast-schema-graph\">{\"@context\":\"https:\/\/schema.org\",\"@graph\":[{\"@type\":\"WebSite\",\"@id\":\"http:\/\/scoalafaurei.ro\/#website\",\"url\":\"http:\/\/scoalafaurei.ro\/\",\"name\":\"Scoala Gimnaziala Comuna Faurei\",\"description\":\"\",\"potentialAction\":[{\"@type\":\"SearchAction\",\"target\":{\"@type\":\"EntryPoint\",\"urlTemplate\":\"http:\/\/scoalafaurei.ro\/?s={search_term_string}\"},\"query-input\":\"required name=search_term_string\"}],\"inLanguage\":\"ro-RO\"},{\"@type\":\"ImageObject\",\"@id\":\"http:\/\/scoalafaurei.ro\/index.php\/evenimente-si-concursuri\/#primaryimage\",\"inLanguage\":\"ro-RO\",\"url\":\"http:\/\/scoalafaurei.ro\/wp-content\/uploads\/2023\/02\/IMG_20230211_190647_948-1-1024x768.jpg\",\"contentUrl\":\"http:\/\/scoalafaurei.ro\/wp-content\/uploads\/2023\/02\/IMG_20230211_190647_948-1-1024x768.jpg\"},{\"@type\":\"WebPage\",\"@id\":\"http:\/\/scoalafaurei.ro\/index.php\/evenimente-si-concursuri\/#webpage\",\"url\":\"http:\/\/scoalafaurei.ro\/index.php\/evenimente-si-concursuri\/\",\"name\":\"Evenimente \\u0219i concursuri - Scoala Gimnaziala Comuna Faurei\",\"isPartOf\":{\"@id\":\"http:\/\/scoalafaurei.ro\/#website\"},\"primaryImageOfPage\":{\"@id\":\"http:\/\/scoalafaurei.ro\/index.php\/evenimente-si-concursuri\/#primaryimage\"},\"datePublished\":\"2021-02-02T13:04:42+00:00\",\"dateModified\":\"2023-02-13T10:05:20+00:00\",\"breadcrumb\":{\"@id\":\"http:\/\/scoalafaurei.ro\/index.php\/evenimente-si-concursuri\/#breadcrumb\"},\"inLanguage\":\"ro-RO\",\"potentialAction\":[{\"@type\":\"ReadAction\",\"target\":[\"http:\/\/scoalafaurei.ro\/index.php\/evenimente-si-concursuri\/\"]}]},{\"@type\":\"BreadcrumbList\",\"@id\":\"http:\/\/scoalafaurei.ro\/index.php\/evenimente-si-concursuri\/#breadcrumb\",\"itemListElement\":[{\"@type\":\"ListItem\",\"position\":1,\"name\":\"Prima pagin\\u0103\",\"item\":\"http:\/\/scoalafaurei.ro\/\"},{\"@type\":\"ListItem\",\"position\":2,\"name\":\"Evenimente \\u0219i concursuri\"}]}]}<\/script>\n<!-- \/ Yoast SEO plugin. -->","yoast_head_json":{"title":"Evenimente \u0219i concursuri - Scoala Gimnaziala Comuna Faurei","robots":{"index":"index","follow":"follow","max-snippet":"max-snippet:-1","max-image-preview":"max-image-preview:large","max-video-preview":"max-video-preview:-1"},"canonical":"http:\/\/scoalafaurei.ro\/index.php\/evenimente-si-concursuri\/","og_locale":"ro_RO","og_type":"article","og_title":"Evenimente \u0219i concursuri - Scoala Gimnaziala Comuna Faurei","og_description":"Locul II \u0219i calificare la etapa jude\u021bean\u0103 la O.N.S.S. Cupa Tymbark U12 Activitatea de 1 Decembrie Cu prilejul s\u0103rb\u0103toririi Zilei Na\u021bionale a Rom\u00e2niei, profesorii \u0219i elevii \u0218colii Gimnaziale Nr. 1, Comuna F\u0103urei au organizat un moment artistic prin care aceast\u0103 zi s\u0103 fie marcat\u0103 a\u0219a cum se cuvine. La peste 100 de ani de la Marea Unire, str\u0103-str\u0103nepo\u021bii celor care [&hellip;]","og_url":"http:\/\/scoalafaurei.ro\/index.php\/evenimente-si-concursuri\/","og_site_name":"Scoala Gimnaziala Comuna Faurei","article_modified_time":"2023-02-13T10:05:20+00:00","og_image":[{"url":"http:\/\/scoalafaurei.ro\/wp-content\/uploads\/2023\/02\/IMG_20230211_190647_948-1-1024x768.jpg"}],"twitter_card":"summary_large_image","twitter_misc":{"Timp estimat pentru citire":"2 minute"},"schema":{"@context":"https:\/\/schema.org","@graph":[{"@type":"WebSite","@id":"http:\/\/scoalafaurei.ro\/#website","url":"http:\/\/scoalafaurei.ro\/","name":"Scoala Gimnaziala Comuna Faurei","description":"","potentialAction":[{"@type":"SearchAction","target":{"@type":"EntryPoint","urlTemplate":"http:\/\/scoalafaurei.ro\/?s={search_term_string}"},"query-input":"required name=search_term_string"}],"inLanguage":"ro-RO"},{"@type":"ImageObject","@id":"http:\/\/scoalafaurei.ro\/index.php\/evenimente-si-concursuri\/#primaryimage","inLanguage":"ro-RO","url":"http:\/\/scoalafaurei.ro\/wp-content\/uploads\/2023\/02\/IMG_20230211_190647_948-1-1024x768.jpg","contentUrl":"http:\/\/scoalafaurei.ro\/wp-content\/uploads\/2023\/02\/IMG_20230211_190647_948-1-1024x768.jpg"},{"@type":"WebPage","@id":"http:\/\/scoalafaurei.ro\/index.php\/evenimente-si-concursuri\/#webpage","url":"http:\/\/scoalafaurei.ro\/index.php\/evenimente-si-concursuri\/","name":"Evenimente \u0219i concursuri - Scoala Gimnaziala Comuna Faurei","isPartOf":{"@id":"http:\/\/scoalafaurei.ro\/#website"},"primaryImageOfPage":{"@id":"http:\/\/scoalafaurei.ro\/index.php\/evenimente-si-concursuri\/#primaryimage"},"datePublished":"2021-02-02T13:04:42+00:00","dateModified":"2023-02-13T10:05:20+00:00","breadcrumb":{"@id":"http:\/\/scoalafaurei.ro\/index.php\/evenimente-si-concursuri\/#breadcrumb"},"inLanguage":"ro-RO","potentialAction":[{"@type":"ReadAction","target":["http:\/\/scoalafaurei.ro\/index.php\/evenimente-si-concursuri\/"]}]},{"@type":"BreadcrumbList","@id":"http:\/\/scoalafaurei.ro\/index.php\/evenimente-si-concursuri\/#breadcrumb","itemListElement":[{"@type":"ListItem","position":1,"name":"Prima pagin\u0103","item":"http:\/\/scoalafaurei.ro\/"},{"@type":"ListItem","position":2,"name":"Evenimente \u0219i concursuri"}]}]}},"_links":{"self":[{"href":"http:\/\/scoalafaurei.ro\/index.php\/wp-json\/wp\/v2\/pages\/260","targetHints":{"allow":["GET"]}}],"collection":[{"href":"http:\/\/scoalafaurei.ro\/index.php\/wp-json\/wp\/v2\/pages"}],"about":[{"href":"http:\/\/scoalafaurei.ro\/index.php\/wp-json\/wp\/v2\/types\/page"}],"author":[{"embeddable":true,"href":"http:\/\/scoalafaurei.ro\/index.php\/wp-json\/wp\/v2\/users\/3"}],"replies":[{"embeddable":true,"href":"http:\/\/scoalafaurei.ro\/index.php\/wp-json\/wp\/v2\/comments?post=260"}],"version-history":[{"count":10,"href":"http:\/\/scoalafaurei.ro\/index.php\/wp-json\/wp\/v2\/pages\/260\/revisions"}],"predecessor-version":[{"id":769,"href":"http:\/\/scoalafaurei.ro\/index.php\/wp-json\/wp\/v2\/pages\/260\/revisions\/769"}],"wp:attachment":[{"href":"http:\/\/scoalafaurei.ro\/index.php\/wp-json\/wp\/v2\/media?parent=260"}],"curies":[{"name":"wp","href":"https:\/\/api.w.org\/{rel}","templated":true}]}}