{"id":980,"date":"2025-04-08T16:59:12","date_gmt":"2025-04-08T14:59:12","guid":{"rendered":"https:\/\/scoalafaurei.ro\/?page_id=980"},"modified":"2025-04-08T17:02:46","modified_gmt":"2025-04-08T15:02:46","slug":"erasmus-anul-iv","status":"publish","type":"page","link":"http:\/\/scoalafaurei.ro\/index.php\/erasmus-anul-iv\/","title":{"rendered":"Erasmus + anul IV"},"content":{"rendered":"\n<p><strong>Zilele trecute s-a \u00eencheiat la Istanbul o experien\u021b\u0103 de formare extraordinar\u0103, Erasmus+, dedicat\u0103 utiliz\u0103rii instrumentelor digitale \u00een procesul educa\u021bional. Al\u0103turi de cadre didactice din Letonia, Italia \u0219i Rom\u00e2nia, a fost \u0219i colega nostr\u0103, prof. Gabriela-Ilina Oprea, reprezentant al \u0218colii Gimnaziale Nr.1, Comuna F\u0103urei. A fost o oportunitate fantastic\u0103 de a descoperi noi metode digitale pentru educa\u021bie \u0219i colaborare, de a schimba idei cu alte cadre didactice din \u021b\u0103rile participante \u0219i de a explora din frumuse\u021bea Istanbulului.<\/strong><\/p>\n\n\n\n<p><strong>Mul\u021bumiri organizatorilor Phoenix Training Center \u0219i tuturor participan\u021bilor pentru aceast\u0103 experien\u021b\u0103 valoroas\u0103!<\/strong><\/p>\n\n\n\n<p><strong>Acreditare Erasmus+, Ac\u021biunea cheie 1-Educa\u021bia \u0219colar\u0103(SCH) 2024-RO01-KA121-SCH-000213230-Anul IV<\/strong><\/p>\n\n\n\n<figure class=\"wp-block-gallery has-nested-images columns-default is-cropped wp-block-gallery-1 is-layout-flex wp-block-gallery-is-layout-flex\">\n<figure class=\"wp-block-image size-large is-style-rounded\"><img loading=\"lazy\" decoding=\"async\" width=\"768\" height=\"1024\" data-id=\"977\" src=\"https:\/\/scoalafaurei.ro\/wp-content\/uploads\/2025\/04\/WhatsApp-Image-2025-04-08-at-15.25.16_dbf45d70-768x1024.jpg\" alt=\"\" class=\"wp-image-977\" srcset=\"http:\/\/scoalafaurei.ro\/wp-content\/uploads\/2025\/04\/WhatsApp-Image-2025-04-08-at-15.25.16_dbf45d70-768x1024.jpg 768w, http:\/\/scoalafaurei.ro\/wp-content\/uploads\/2025\/04\/WhatsApp-Image-2025-04-08-at-15.25.16_dbf45d70-225x300.jpg 225w, http:\/\/scoalafaurei.ro\/wp-content\/uploads\/2025\/04\/WhatsApp-Image-2025-04-08-at-15.25.16_dbf45d70-1152x1536.jpg 1152w, http:\/\/scoalafaurei.ro\/wp-content\/uploads\/2025\/04\/WhatsApp-Image-2025-04-08-at-15.25.16_dbf45d70.jpg 1200w\" sizes=\"auto, (max-width: 768px) 100vw, 768px\" \/><\/figure>\n\n\n\n<figure class=\"wp-block-image size-large is-style-rounded\"><img loading=\"lazy\" decoding=\"async\" width=\"1024\" height=\"768\" data-id=\"976\" src=\"https:\/\/scoalafaurei.ro\/wp-content\/uploads\/2025\/04\/WhatsApp-Image-2025-04-08-at-15.25.16_d056ba1a-1024x768.jpg\" alt=\"\" class=\"wp-image-976\" srcset=\"http:\/\/scoalafaurei.ro\/wp-content\/uploads\/2025\/04\/WhatsApp-Image-2025-04-08-at-15.25.16_d056ba1a-1024x768.jpg 1024w, http:\/\/scoalafaurei.ro\/wp-content\/uploads\/2025\/04\/WhatsApp-Image-2025-04-08-at-15.25.16_d056ba1a-300x225.jpg 300w, http:\/\/scoalafaurei.ro\/wp-content\/uploads\/2025\/04\/WhatsApp-Image-2025-04-08-at-15.25.16_d056ba1a-768x576.jpg 768w, http:\/\/scoalafaurei.ro\/wp-content\/uploads\/2025\/04\/WhatsApp-Image-2025-04-08-at-15.25.16_d056ba1a-1536x1152.jpg 1536w, http:\/\/scoalafaurei.ro\/wp-content\/uploads\/2025\/04\/WhatsApp-Image-2025-04-08-at-15.25.16_d056ba1a.jpg 1600w\" sizes=\"auto, (max-width: 1024px) 100vw, 1024px\" \/><\/figure>\n\n\n\n<figure class=\"wp-block-image size-large is-style-rounded\"><img loading=\"lazy\" decoding=\"async\" width=\"576\" height=\"1024\" data-id=\"975\" src=\"https:\/\/scoalafaurei.ro\/wp-content\/uploads\/2025\/04\/WhatsApp-Image-2025-04-08-at-15.25.16_23395ee0-576x1024.jpg\" alt=\"\" class=\"wp-image-975\" srcset=\"http:\/\/scoalafaurei.ro\/wp-content\/uploads\/2025\/04\/WhatsApp-Image-2025-04-08-at-15.25.16_23395ee0-576x1024.jpg 576w, http:\/\/scoalafaurei.ro\/wp-content\/uploads\/2025\/04\/WhatsApp-Image-2025-04-08-at-15.25.16_23395ee0-169x300.jpg 169w, http:\/\/scoalafaurei.ro\/wp-content\/uploads\/2025\/04\/WhatsApp-Image-2025-04-08-at-15.25.16_23395ee0-768x1365.jpg 768w, http:\/\/scoalafaurei.ro\/wp-content\/uploads\/2025\/04\/WhatsApp-Image-2025-04-08-at-15.25.16_23395ee0-864x1536.jpg 864w, http:\/\/scoalafaurei.ro\/wp-content\/uploads\/2025\/04\/WhatsApp-Image-2025-04-08-at-15.25.16_23395ee0.jpg 900w\" sizes=\"auto, (max-width: 576px) 100vw, 576px\" \/><\/figure>\n\n\n\n<figure class=\"wp-block-image size-large is-style-rounded\"><img loading=\"lazy\" decoding=\"async\" width=\"1024\" height=\"768\" data-id=\"974\" src=\"https:\/\/scoalafaurei.ro\/wp-content\/uploads\/2025\/04\/WhatsApp-Image-2025-04-08-at-15.25.16_807dcefc-1024x768.jpg\" alt=\"\" class=\"wp-image-974\" srcset=\"http:\/\/scoalafaurei.ro\/wp-content\/uploads\/2025\/04\/WhatsApp-Image-2025-04-08-at-15.25.16_807dcefc-1024x768.jpg 1024w, http:\/\/scoalafaurei.ro\/wp-content\/uploads\/2025\/04\/WhatsApp-Image-2025-04-08-at-15.25.16_807dcefc-300x225.jpg 300w, http:\/\/scoalafaurei.ro\/wp-content\/uploads\/2025\/04\/WhatsApp-Image-2025-04-08-at-15.25.16_807dcefc-768x576.jpg 768w, http:\/\/scoalafaurei.ro\/wp-content\/uploads\/2025\/04\/WhatsApp-Image-2025-04-08-at-15.25.16_807dcefc-1536x1152.jpg 1536w, http:\/\/scoalafaurei.ro\/wp-content\/uploads\/2025\/04\/WhatsApp-Image-2025-04-08-at-15.25.16_807dcefc.jpg 1600w\" sizes=\"auto, (max-width: 1024px) 100vw, 1024px\" \/><\/figure>\n\n\n\n<figure class=\"wp-block-image size-large is-style-rounded\"><img loading=\"lazy\" decoding=\"async\" width=\"1024\" height=\"462\" data-id=\"973\" src=\"https:\/\/scoalafaurei.ro\/wp-content\/uploads\/2025\/04\/WhatsApp-Image-2025-04-08-at-15.25.15_b76efa3e-1024x462.jpg\" alt=\"\" class=\"wp-image-973\" srcset=\"http:\/\/scoalafaurei.ro\/wp-content\/uploads\/2025\/04\/WhatsApp-Image-2025-04-08-at-15.25.15_b76efa3e-1024x462.jpg 1024w, http:\/\/scoalafaurei.ro\/wp-content\/uploads\/2025\/04\/WhatsApp-Image-2025-04-08-at-15.25.15_b76efa3e-300x135.jpg 300w, http:\/\/scoalafaurei.ro\/wp-content\/uploads\/2025\/04\/WhatsApp-Image-2025-04-08-at-15.25.15_b76efa3e-768x346.jpg 768w, http:\/\/scoalafaurei.ro\/wp-content\/uploads\/2025\/04\/WhatsApp-Image-2025-04-08-at-15.25.15_b76efa3e-1536x693.jpg 1536w, http:\/\/scoalafaurei.ro\/wp-content\/uploads\/2025\/04\/WhatsApp-Image-2025-04-08-at-15.25.15_b76efa3e.jpg 2040w\" sizes=\"auto, (max-width: 1024px) 100vw, 1024px\" \/><\/figure>\n<\/figure>\n","protected":false},"excerpt":{"rendered":"<p>Zilele trecute s-a \u00eencheiat la Istanbul o experien\u021b\u0103 de formare extraordinar\u0103, Erasmus+, dedicat\u0103 utiliz\u0103rii instrumentelor digitale \u00een procesul educa\u021bional. Al\u0103turi de cadre didactice din Letonia, Italia \u0219i Rom\u00e2nia, a fost \u0219i colega nostr\u0103, prof. Gabriela-Ilina Oprea, reprezentant al \u0218colii Gimnaziale Nr.1, Comuna F\u0103urei. A fost o oportunitate fantastic\u0103 de a descoperi noi metode digitale pentru educa\u021bie \u0219i colaborare, de a [&hellip;]<\/p>\n","protected":false},"author":1,"featured_media":0,"parent":0,"menu_order":0,"comment_status":"closed","ping_status":"closed","template":"","meta":{"footnotes":""},"class_list":["post-980","page","type-page","status-publish","hentry"],"yoast_head":"<!-- This site is optimized with the Yoast SEO plugin v17.4 - https:\/\/yoast.com\/wordpress\/plugins\/seo\/ -->\n<title>Erasmus + anul IV - Scoala Gimnaziala Comuna Faurei<\/title>\n<meta name=\"robots\" content=\"index, follow, max-snippet:-1, max-image-preview:large, max-video-preview:-1\" \/>\n<link rel=\"canonical\" href=\"http:\/\/scoalafaurei.ro\/index.php\/erasmus-anul-iv\/\" \/>\n<meta property=\"og:locale\" content=\"ro_RO\" \/>\n<meta property=\"og:type\" content=\"article\" \/>\n<meta property=\"og:title\" content=\"Erasmus + anul IV - Scoala Gimnaziala Comuna Faurei\" \/>\n<meta property=\"og:description\" content=\"Zilele trecute s-a \u00eencheiat la Istanbul o experien\u021b\u0103 de formare extraordinar\u0103, Erasmus+, dedicat\u0103 utiliz\u0103rii instrumentelor digitale \u00een procesul educa\u021bional. Al\u0103turi de cadre didactice din Letonia, Italia \u0219i Rom\u00e2nia, a fost \u0219i colega nostr\u0103, prof. Gabriela-Ilina Oprea, reprezentant al \u0218colii Gimnaziale Nr.1, Comuna F\u0103urei. A fost o oportunitate fantastic\u0103 de a descoperi noi metode digitale pentru educa\u021bie \u0219i colaborare, de a [&hellip;]\" \/>\n<meta property=\"og:url\" content=\"http:\/\/scoalafaurei.ro\/index.php\/erasmus-anul-iv\/\" \/>\n<meta property=\"og:site_name\" content=\"Scoala Gimnaziala Comuna Faurei\" \/>\n<meta property=\"article:modified_time\" content=\"2025-04-08T15:02:46+00:00\" \/>\n<meta property=\"og:image\" content=\"https:\/\/scoalafaurei.ro\/wp-content\/uploads\/2025\/04\/WhatsApp-Image-2025-04-08-at-15.25.16_dbf45d70-768x1024.jpg\" \/>\n<meta name=\"twitter:card\" content=\"summary_large_image\" \/>\n<meta name=\"twitter:label1\" content=\"Timp estimat pentru citire\" \/>\n\t<meta name=\"twitter:data1\" content=\"1 minut\" \/>\n<script type=\"application\/ld+json\" class=\"yoast-schema-graph\">{\"@context\":\"https:\/\/schema.org\",\"@graph\":[{\"@type\":\"WebSite\",\"@id\":\"http:\/\/scoalafaurei.ro\/#website\",\"url\":\"http:\/\/scoalafaurei.ro\/\",\"name\":\"Scoala Gimnaziala Comuna Faurei\",\"description\":\"\",\"potentialAction\":[{\"@type\":\"SearchAction\",\"target\":{\"@type\":\"EntryPoint\",\"urlTemplate\":\"http:\/\/scoalafaurei.ro\/?s={search_term_string}\"},\"query-input\":\"required name=search_term_string\"}],\"inLanguage\":\"ro-RO\"},{\"@type\":\"ImageObject\",\"@id\":\"http:\/\/scoalafaurei.ro\/index.php\/erasmus-anul-iv\/#primaryimage\",\"inLanguage\":\"ro-RO\",\"url\":\"https:\/\/scoalafaurei.ro\/wp-content\/uploads\/2025\/04\/WhatsApp-Image-2025-04-08-at-15.25.16_dbf45d70-768x1024.jpg\",\"contentUrl\":\"https:\/\/scoalafaurei.ro\/wp-content\/uploads\/2025\/04\/WhatsApp-Image-2025-04-08-at-15.25.16_dbf45d70-768x1024.jpg\"},{\"@type\":\"WebPage\",\"@id\":\"http:\/\/scoalafaurei.ro\/index.php\/erasmus-anul-iv\/#webpage\",\"url\":\"http:\/\/scoalafaurei.ro\/index.php\/erasmus-anul-iv\/\",\"name\":\"Erasmus + anul IV - Scoala Gimnaziala Comuna Faurei\",\"isPartOf\":{\"@id\":\"http:\/\/scoalafaurei.ro\/#website\"},\"primaryImageOfPage\":{\"@id\":\"http:\/\/scoalafaurei.ro\/index.php\/erasmus-anul-iv\/#primaryimage\"},\"datePublished\":\"2025-04-08T14:59:12+00:00\",\"dateModified\":\"2025-04-08T15:02:46+00:00\",\"breadcrumb\":{\"@id\":\"http:\/\/scoalafaurei.ro\/index.php\/erasmus-anul-iv\/#breadcrumb\"},\"inLanguage\":\"ro-RO\",\"potentialAction\":[{\"@type\":\"ReadAction\",\"target\":[\"http:\/\/scoalafaurei.ro\/index.php\/erasmus-anul-iv\/\"]}]},{\"@type\":\"BreadcrumbList\",\"@id\":\"http:\/\/scoalafaurei.ro\/index.php\/erasmus-anul-iv\/#breadcrumb\",\"itemListElement\":[{\"@type\":\"ListItem\",\"position\":1,\"name\":\"Prima pagin\\u0103\",\"item\":\"http:\/\/scoalafaurei.ro\/\"},{\"@type\":\"ListItem\",\"position\":2,\"name\":\"Erasmus + anul IV\"}]}]}<\/script>\n<!-- \/ Yoast SEO plugin. -->","yoast_head_json":{"title":"Erasmus + anul IV - Scoala Gimnaziala Comuna Faurei","robots":{"index":"index","follow":"follow","max-snippet":"max-snippet:-1","max-image-preview":"max-image-preview:large","max-video-preview":"max-video-preview:-1"},"canonical":"http:\/\/scoalafaurei.ro\/index.php\/erasmus-anul-iv\/","og_locale":"ro_RO","og_type":"article","og_title":"Erasmus + anul IV - Scoala Gimnaziala Comuna Faurei","og_description":"Zilele trecute s-a \u00eencheiat la Istanbul o experien\u021b\u0103 de formare extraordinar\u0103, Erasmus+, dedicat\u0103 utiliz\u0103rii instrumentelor digitale \u00een procesul educa\u021bional. Al\u0103turi de cadre didactice din Letonia, Italia \u0219i Rom\u00e2nia, a fost \u0219i colega nostr\u0103, prof. Gabriela-Ilina Oprea, reprezentant al \u0218colii Gimnaziale Nr.1, Comuna F\u0103urei. A fost o oportunitate fantastic\u0103 de a descoperi noi metode digitale pentru educa\u021bie \u0219i colaborare, de a [&hellip;]","og_url":"http:\/\/scoalafaurei.ro\/index.php\/erasmus-anul-iv\/","og_site_name":"Scoala Gimnaziala Comuna Faurei","article_modified_time":"2025-04-08T15:02:46+00:00","og_image":[{"url":"https:\/\/scoalafaurei.ro\/wp-content\/uploads\/2025\/04\/WhatsApp-Image-2025-04-08-at-15.25.16_dbf45d70-768x1024.jpg"}],"twitter_card":"summary_large_image","twitter_misc":{"Timp estimat pentru citire":"1 minut"},"schema":{"@context":"https:\/\/schema.org","@graph":[{"@type":"WebSite","@id":"http:\/\/scoalafaurei.ro\/#website","url":"http:\/\/scoalafaurei.ro\/","name":"Scoala Gimnaziala Comuna Faurei","description":"","potentialAction":[{"@type":"SearchAction","target":{"@type":"EntryPoint","urlTemplate":"http:\/\/scoalafaurei.ro\/?s={search_term_string}"},"query-input":"required name=search_term_string"}],"inLanguage":"ro-RO"},{"@type":"ImageObject","@id":"http:\/\/scoalafaurei.ro\/index.php\/erasmus-anul-iv\/#primaryimage","inLanguage":"ro-RO","url":"https:\/\/scoalafaurei.ro\/wp-content\/uploads\/2025\/04\/WhatsApp-Image-2025-04-08-at-15.25.16_dbf45d70-768x1024.jpg","contentUrl":"https:\/\/scoalafaurei.ro\/wp-content\/uploads\/2025\/04\/WhatsApp-Image-2025-04-08-at-15.25.16_dbf45d70-768x1024.jpg"},{"@type":"WebPage","@id":"http:\/\/scoalafaurei.ro\/index.php\/erasmus-anul-iv\/#webpage","url":"http:\/\/scoalafaurei.ro\/index.php\/erasmus-anul-iv\/","name":"Erasmus + anul IV - Scoala Gimnaziala Comuna Faurei","isPartOf":{"@id":"http:\/\/scoalafaurei.ro\/#website"},"primaryImageOfPage":{"@id":"http:\/\/scoalafaurei.ro\/index.php\/erasmus-anul-iv\/#primaryimage"},"datePublished":"2025-04-08T14:59:12+00:00","dateModified":"2025-04-08T15:02:46+00:00","breadcrumb":{"@id":"http:\/\/scoalafaurei.ro\/index.php\/erasmus-anul-iv\/#breadcrumb"},"inLanguage":"ro-RO","potentialAction":[{"@type":"ReadAction","target":["http:\/\/scoalafaurei.ro\/index.php\/erasmus-anul-iv\/"]}]},{"@type":"BreadcrumbList","@id":"http:\/\/scoalafaurei.ro\/index.php\/erasmus-anul-iv\/#breadcrumb","itemListElement":[{"@type":"ListItem","position":1,"name":"Prima pagin\u0103","item":"http:\/\/scoalafaurei.ro\/"},{"@type":"ListItem","position":2,"name":"Erasmus + anul IV"}]}]}},"_links":{"self":[{"href":"http:\/\/scoalafaurei.ro\/index.php\/wp-json\/wp\/v2\/pages\/980","targetHints":{"allow":["GET"]}}],"collection":[{"href":"http:\/\/scoalafaurei.ro\/index.php\/wp-json\/wp\/v2\/pages"}],"about":[{"href":"http:\/\/scoalafaurei.ro\/index.php\/wp-json\/wp\/v2\/types\/page"}],"author":[{"embeddable":true,"href":"http:\/\/scoalafaurei.ro\/index.php\/wp-json\/wp\/v2\/users\/1"}],"replies":[{"embeddable":true,"href":"http:\/\/scoalafaurei.ro\/index.php\/wp-json\/wp\/v2\/comments?post=980"}],"version-history":[{"count":2,"href":"http:\/\/scoalafaurei.ro\/index.php\/wp-json\/wp\/v2\/pages\/980\/revisions"}],"predecessor-version":[{"id":985,"href":"http:\/\/scoalafaurei.ro\/index.php\/wp-json\/wp\/v2\/pages\/980\/revisions\/985"}],"wp:attachment":[{"href":"http:\/\/scoalafaurei.ro\/index.php\/wp-json\/wp\/v2\/media?parent=980"}],"curies":[{"name":"wp","href":"https:\/\/api.w.org\/{rel}","templated":true}]}}