{"id":925,"date":"2024-10-01T06:15:38","date_gmt":"2024-10-01T04:15:38","guid":{"rendered":"https:\/\/scoalafaurei.ro\/?page_id=925"},"modified":"2025-07-12T15:22:29","modified_gmt":"2025-07-12T13:22:29","slug":"evaluare-nationala","status":"publish","type":"page","link":"https:\/\/scoalafaurei.ro\/index.php\/evaluare-nationala\/","title":{"rendered":"Evaluare Nationala"},"content":{"rendered":"\n<div data-wp-interactive=\"core\/file\" class=\"wp-block-file\"><object data-wp-bind--hidden=\"!state.hasPdfPreview\" hidden class=\"wp-block-file__embed\" data=\"https:\/\/scoalafaurei.ro\/wp-content\/uploads\/2025\/07\/Rezultate-finale-EVALUARE-NATIONALA-dupa-contestatii.pdf\" type=\"application\/pdf\" style=\"width:100%;height:600px\" aria-label=\"\u00cenglobare PDF\"><\/object><a href=\"https:\/\/scoalafaurei.ro\/wp-content\/uploads\/2025\/07\/Rezultate-finale-EVALUARE-NATIONALA-dupa-contestatii.pdf\" class=\"wp-block-file__button wp-element-button\" download><\/a><\/div>\n\n\n\n<p>Evaluarea Na\u021bional\u0103 a elevilor de clasa a VIII-a, cunoscut\u0103 simplu \u0219i ca Evaluarea Na\u021bional\u0103, reprezint\u0103 modalitatea de evaluare extern\u0103 sumativ\u0103 a competen\u021belor dob\u00e2ndite pe parcursul \u00eenv\u0103\u021b\u0103m\u00e2ntului gimnazial.<\/p>\n","protected":false},"excerpt":{"rendered":"<p>Evaluarea Na\u021bional\u0103 a elevilor de clasa a VIII-a, cunoscut\u0103 simplu \u0219i ca Evaluarea Na\u021bional\u0103, reprezint\u0103 modalitatea de evaluare extern\u0103 sumativ\u0103 a competen\u021belor dob\u00e2ndite pe parcursul \u00eenv\u0103\u021b\u0103m\u00e2ntului gimnazial.<\/p>\n","protected":false},"author":1,"featured_media":0,"parent":0,"menu_order":0,"comment_status":"closed","ping_status":"closed","template":"","meta":{"footnotes":""},"class_list":["post-925","page","type-page","status-publish","hentry"],"yoast_head":"<!-- This site is optimized with the Yoast SEO plugin v17.4 - https:\/\/yoast.com\/wordpress\/plugins\/seo\/ -->\n<title>Evaluare Nationala - Scoala Gimnaziala Comuna Faurei<\/title>\n<meta name=\"robots\" content=\"index, follow, max-snippet:-1, max-image-preview:large, max-video-preview:-1\" \/>\n<link rel=\"canonical\" href=\"https:\/\/scoalafaurei.ro\/index.php\/evaluare-nationala\/\" \/>\n<meta property=\"og:locale\" content=\"ro_RO\" \/>\n<meta property=\"og:type\" content=\"article\" \/>\n<meta property=\"og:title\" content=\"Evaluare Nationala - Scoala Gimnaziala Comuna Faurei\" \/>\n<meta property=\"og:description\" content=\"Evaluarea Na\u021bional\u0103 a elevilor de clasa a VIII-a, cunoscut\u0103 simplu \u0219i ca Evaluarea Na\u021bional\u0103, reprezint\u0103 modalitatea de evaluare extern\u0103 sumativ\u0103 a competen\u021belor dob\u00e2ndite pe parcursul \u00eenv\u0103\u021b\u0103m\u00e2ntului gimnazial.\" \/>\n<meta property=\"og:url\" content=\"https:\/\/scoalafaurei.ro\/index.php\/evaluare-nationala\/\" \/>\n<meta property=\"og:site_name\" content=\"Scoala Gimnaziala Comuna Faurei\" \/>\n<meta property=\"article:modified_time\" content=\"2025-07-12T13:22:29+00:00\" \/>\n<meta name=\"twitter:card\" content=\"summary_large_image\" \/>\n<script type=\"application\/ld+json\" class=\"yoast-schema-graph\">{\"@context\":\"https:\/\/schema.org\",\"@graph\":[{\"@type\":\"WebSite\",\"@id\":\"https:\/\/scoalafaurei.ro\/#website\",\"url\":\"https:\/\/scoalafaurei.ro\/\",\"name\":\"Scoala Gimnaziala Comuna Faurei\",\"description\":\"\",\"potentialAction\":[{\"@type\":\"SearchAction\",\"target\":{\"@type\":\"EntryPoint\",\"urlTemplate\":\"https:\/\/scoalafaurei.ro\/?s={search_term_string}\"},\"query-input\":\"required name=search_term_string\"}],\"inLanguage\":\"ro-RO\"},{\"@type\":\"WebPage\",\"@id\":\"https:\/\/scoalafaurei.ro\/index.php\/evaluare-nationala\/#webpage\",\"url\":\"https:\/\/scoalafaurei.ro\/index.php\/evaluare-nationala\/\",\"name\":\"Evaluare Nationala - Scoala Gimnaziala Comuna Faurei\",\"isPartOf\":{\"@id\":\"https:\/\/scoalafaurei.ro\/#website\"},\"datePublished\":\"2024-10-01T04:15:38+00:00\",\"dateModified\":\"2025-07-12T13:22:29+00:00\",\"breadcrumb\":{\"@id\":\"https:\/\/scoalafaurei.ro\/index.php\/evaluare-nationala\/#breadcrumb\"},\"inLanguage\":\"ro-RO\",\"potentialAction\":[{\"@type\":\"ReadAction\",\"target\":[\"https:\/\/scoalafaurei.ro\/index.php\/evaluare-nationala\/\"]}]},{\"@type\":\"BreadcrumbList\",\"@id\":\"https:\/\/scoalafaurei.ro\/index.php\/evaluare-nationala\/#breadcrumb\",\"itemListElement\":[{\"@type\":\"ListItem\",\"position\":1,\"name\":\"Prima pagin\\u0103\",\"item\":\"https:\/\/scoalafaurei.ro\/\"},{\"@type\":\"ListItem\",\"position\":2,\"name\":\"Evaluare Nationala\"}]}]}<\/script>\n<!-- \/ Yoast SEO plugin. -->","yoast_head_json":{"title":"Evaluare Nationala - Scoala Gimnaziala Comuna Faurei","robots":{"index":"index","follow":"follow","max-snippet":"max-snippet:-1","max-image-preview":"max-image-preview:large","max-video-preview":"max-video-preview:-1"},"canonical":"https:\/\/scoalafaurei.ro\/index.php\/evaluare-nationala\/","og_locale":"ro_RO","og_type":"article","og_title":"Evaluare Nationala - Scoala Gimnaziala Comuna Faurei","og_description":"Evaluarea Na\u021bional\u0103 a elevilor de clasa a VIII-a, cunoscut\u0103 simplu \u0219i ca Evaluarea Na\u021bional\u0103, reprezint\u0103 modalitatea de evaluare extern\u0103 sumativ\u0103 a competen\u021belor dob\u00e2ndite pe parcursul \u00eenv\u0103\u021b\u0103m\u00e2ntului gimnazial.","og_url":"https:\/\/scoalafaurei.ro\/index.php\/evaluare-nationala\/","og_site_name":"Scoala Gimnaziala Comuna Faurei","article_modified_time":"2025-07-12T13:22:29+00:00","twitter_card":"summary_large_image","schema":{"@context":"https:\/\/schema.org","@graph":[{"@type":"WebSite","@id":"https:\/\/scoalafaurei.ro\/#website","url":"https:\/\/scoalafaurei.ro\/","name":"Scoala Gimnaziala Comuna Faurei","description":"","potentialAction":[{"@type":"SearchAction","target":{"@type":"EntryPoint","urlTemplate":"https:\/\/scoalafaurei.ro\/?s={search_term_string}"},"query-input":"required name=search_term_string"}],"inLanguage":"ro-RO"},{"@type":"WebPage","@id":"https:\/\/scoalafaurei.ro\/index.php\/evaluare-nationala\/#webpage","url":"https:\/\/scoalafaurei.ro\/index.php\/evaluare-nationala\/","name":"Evaluare Nationala - Scoala Gimnaziala Comuna Faurei","isPartOf":{"@id":"https:\/\/scoalafaurei.ro\/#website"},"datePublished":"2024-10-01T04:15:38+00:00","dateModified":"2025-07-12T13:22:29+00:00","breadcrumb":{"@id":"https:\/\/scoalafaurei.ro\/index.php\/evaluare-nationala\/#breadcrumb"},"inLanguage":"ro-RO","potentialAction":[{"@type":"ReadAction","target":["https:\/\/scoalafaurei.ro\/index.php\/evaluare-nationala\/"]}]},{"@type":"BreadcrumbList","@id":"https:\/\/scoalafaurei.ro\/index.php\/evaluare-nationala\/#breadcrumb","itemListElement":[{"@type":"ListItem","position":1,"name":"Prima pagin\u0103","item":"https:\/\/scoalafaurei.ro\/"},{"@type":"ListItem","position":2,"name":"Evaluare Nationala"}]}]}},"_links":{"self":[{"href":"https:\/\/scoalafaurei.ro\/index.php\/wp-json\/wp\/v2\/pages\/925","targetHints":{"allow":["GET"]}}],"collection":[{"href":"https:\/\/scoalafaurei.ro\/index.php\/wp-json\/wp\/v2\/pages"}],"about":[{"href":"https:\/\/scoalafaurei.ro\/index.php\/wp-json\/wp\/v2\/types\/page"}],"author":[{"embeddable":true,"href":"https:\/\/scoalafaurei.ro\/index.php\/wp-json\/wp\/v2\/users\/1"}],"replies":[{"embeddable":true,"href":"https:\/\/scoalafaurei.ro\/index.php\/wp-json\/wp\/v2\/comments?post=925"}],"version-history":[{"count":6,"href":"https:\/\/scoalafaurei.ro\/index.php\/wp-json\/wp\/v2\/pages\/925\/revisions"}],"predecessor-version":[{"id":1007,"href":"https:\/\/scoalafaurei.ro\/index.php\/wp-json\/wp\/v2\/pages\/925\/revisions\/1007"}],"wp:attachment":[{"href":"https:\/\/scoalafaurei.ro\/index.php\/wp-json\/wp\/v2\/media?parent=925"}],"curies":[{"name":"wp","href":"https:\/\/api.w.org\/{rel}","templated":true}]}}